{"id":227,"date":"2025-07-03T20:39:20","date_gmt":"2025-07-03T18:39:20","guid":{"rendered":"https:\/\/serelys.eu\/?page_id=227"},"modified":"2025-07-09T15:30:27","modified_gmt":"2025-07-09T13:30:27","slug":"blog","status":"publish","type":"page","link":"https:\/\/serelys.eu\/cs\/blog\/","title":{"rendered":"Blog"},"content":{"rendered":"<div id=\"fws_69f37ae93d24a\"  data-column-margin=\"default\" data-midnight=\"dark\"  class=\"wpb_row vc_row-fluid vc_row\"  style=\"padding-top: 0px; padding-bottom: 0px; \"><div class=\"row-bg-wrap\" data-bg-animation=\"none\" data-bg-animation-delay=\"\" data-bg-overlay=\"false\"><div class=\"inner-wrap row-bg-layer\" ><div class=\"row-bg viewport-desktop\"  style=\"\"><\/div><\/div><\/div><div class=\"row_col_wrap_12 col span_12 dark left\">\n\t<div  class=\"vc_col-sm-12 wpb_column column_container vc_column_container col no-extra-padding inherit_tablet inherit_phone\"  data-padding-pos=\"all\" data-has-bg-color=\"false\" data-bg-color=\"\" data-bg-opacity=\"1\" data-animation=\"\" data-delay=\"0\" >\n\t\t<div class=\"vc_column-inner\" >\n\t\t\t<div class=\"wpb_wrapper\">\n\t\t\t\t\n    <div class=\"row blog-recent columns-4\" data-style=\"classic_enhanced\" data-color-scheme=\"light\" data-remove-post-date=\"\" data-remove-post-author=\"1\" data-remove-post-comment-number=\"1\" data-remove-post-nectar-love=\"1\">\n\n      \n      <div class=\"col span_3 post-325 post type-post status-publish format-standard has-post-thumbnail category-nezaradene-sk\" >\n\n        \n            <div class=\"inner-wrap post-325 post type-post status-publish format-standard has-post-thumbnail category-nezaradene-sk\">\n\n            <a href=\"https:\/\/serelys.eu\/cs\/ked-sa-predvianocny-cas-stretne-s-hormonalnou-realitou-ako-si-dopriat-pokoj-pocas-najrusnejsich-dni-roka\/\"  class=\"img-link\"><span class=\"post-featured-img\"><img loading=\"lazy\" decoding=\"async\" width=\"600\" height=\"403\" src=\"https:\/\/serelys.eu\/wp-content\/uploads\/2025\/12\/ChatGPT-Image-10.-12.-2025-19_35_44-600x403.png\" class=\"attachment-portfolio-thumb size-portfolio-thumb wp-post-image\" alt=\"\" title=\"\" sizes=\"auto, (min-width: 1300px) 25vw, (min-width: 1000px) 33vw, (min-width: 690px) 100vw, 100vw\" srcset=\"https:\/\/serelys.eu\/wp-content\/uploads\/2025\/12\/ChatGPT-Image-10.-12.-2025-19_35_44-600x403.png 600w, https:\/\/serelys.eu\/wp-content\/uploads\/2025\/12\/ChatGPT-Image-10.-12.-2025-19_35_44-18x12.png 18w, https:\/\/serelys.eu\/wp-content\/uploads\/2025\/12\/ChatGPT-Image-10.-12.-2025-19_35_44-900x604.png 900w, https:\/\/serelys.eu\/wp-content\/uploads\/2025\/12\/ChatGPT-Image-10.-12.-2025-19_35_44-400x269.png 400w\" \/><\/span><\/a><span class=\"meta-category\"><a class=\"nezaradene-sk\" href=\"https:\/\/serelys.eu\/cs\/category\/nezaradene-sk\/\">Nezaraden\u00e9<\/a><\/span><a class=\"entire-meta-link\" href=\"https:\/\/serelys.eu\/cs\/ked-sa-predvianocny-cas-stretne-s-hormonalnou-realitou-ako-si-dopriat-pokoj-pocas-najrusnejsich-dni-roka\/\" ><span class=\"screen-reader-text\">Ke\u010f sa predviano\u010dn\u00fd \u010das stretne s hormon\u00e1lnou realitou: Ako si dopria\u0165 pokoj po\u010das najru\u0161nej\u0161\u00edch dn\u00ed roka<\/span><\/a>\n            <div class=\"article-content-wrap\">\n              <div class=\"post-header\">\n                <span class=\"meta\"> 10. prosince 2025 <\/span>\n                <h3 class=\"title\">Ke\u010f sa predviano\u010dn\u00fd \u010das stretne s hormon\u00e1lnou realitou: Ako si dopria\u0165 pokoj po\u010das najru\u0161nej\u0161\u00edch dn\u00ed roka<\/h3>\n              <\/div><!--\/post-header-->\n              <div class=\"excerpt\">\n                Predviano\u010dn\u00e9 obdobie m\u00e1 v sebe zvl\u00e1\u0161tnu dvojtv\u00e1rnos\u0165. Na jednej strane sa te\u0161\u00edme na svetielka, v\u00f4\u0148u pern\u00edkov a chv\u00edle s rodinou. Na strane druhej sa na n\u00e1s val\u00ed stres, povinnosti a&hellip;              <\/div>\n            <\/div>\n\n            <div class=\"post-meta\">\n              <span class=\"meta-author\"> <a href=\"https:\/\/serelys.eu\/cs\/author\/admin\/\"> <i class=\"icon-default-style icon-salient-m-user\"><\/i> admin<\/a> <\/span>\n\n                              <span class=\"meta-comment-count\">  <a href=\"https:\/\/serelys.eu\/cs\/ked-sa-predvianocny-cas-stretne-s-hormonalnou-realitou-ako-si-dopriat-pokoj-pocas-najrusnejsich-dni-roka\/#respond\">\n                  <i class=\"icon-default-style steadysets-icon-chat-3\"><\/i> 0<\/a>\n                <\/span>\n              \n              <div class=\"nectar-love-wrap\">\n                <a href=\"#\" class=\"nectar-love\" id=\"nectar-love-325\" title=\"Love this\"> <i class=\"icon-salient-heart-2\"><\/i><span class=\"love-text\">Love<\/span><span class=\"total_loves\"><span class=\"nectar-love-count\">0<\/span><\/span><\/a>              <\/div><!--\/nectar-love-wrap-->\n            <\/div>\n\n          <\/div>\n\n        \n      <\/div><!--\/col-->\n\n      \n      <div class=\"col span_3 post-321 post type-post status-publish format-standard has-post-thumbnail category-nezaradene-sk\" >\n\n        \n            <div class=\"inner-wrap post-321 post type-post status-publish format-standard has-post-thumbnail category-nezaradene-sk\">\n\n            <a href=\"https:\/\/serelys.eu\/cs\/prirodna-pomoc-pri-hyperaktivnom-mocovom-mechure-co-ukazala-klinicka-studia-so-serelys-inco\/\"  class=\"img-link\"><span class=\"post-featured-img\"><img loading=\"lazy\" decoding=\"async\" width=\"600\" height=\"403\" src=\"https:\/\/serelys.eu\/wp-content\/uploads\/2025\/10\/ChatGPT-Image-13.-10.-2025-14_02_31-600x403.png\" class=\"attachment-portfolio-thumb size-portfolio-thumb wp-post-image\" alt=\"\" title=\"\" sizes=\"auto, (min-width: 1300px) 25vw, (min-width: 1000px) 33vw, (min-width: 690px) 100vw, 100vw\" srcset=\"https:\/\/serelys.eu\/wp-content\/uploads\/2025\/10\/ChatGPT-Image-13.-10.-2025-14_02_31-600x403.png 600w, https:\/\/serelys.eu\/wp-content\/uploads\/2025\/10\/ChatGPT-Image-13.-10.-2025-14_02_31-18x12.png 18w, https:\/\/serelys.eu\/wp-content\/uploads\/2025\/10\/ChatGPT-Image-13.-10.-2025-14_02_31-900x604.png 900w, https:\/\/serelys.eu\/wp-content\/uploads\/2025\/10\/ChatGPT-Image-13.-10.-2025-14_02_31-400x269.png 400w\" \/><\/span><\/a><span class=\"meta-category\"><a class=\"nezaradene-sk\" href=\"https:\/\/serelys.eu\/cs\/category\/nezaradene-sk\/\">Nezaraden\u00e9<\/a><\/span><a class=\"entire-meta-link\" href=\"https:\/\/serelys.eu\/cs\/prirodna-pomoc-pri-hyperaktivnom-mocovom-mechure-co-ukazala-klinicka-studia-so-serelys-inco\/\" ><span class=\"screen-reader-text\">Pr\u00edrodn\u00e1 pomoc pri hyperakt\u00edvnom mo\u010dovom mech\u00fare: \u010do uk\u00e1zala klinick\u00e1 \u0161t\u00fadia so S\u00e9r\u00e9lys INCO\u00ae<\/span><\/a>\n            <div class=\"article-content-wrap\">\n              <div class=\"post-header\">\n                <span class=\"meta\"> 13. \u0159\u00edjna 2025 <\/span>\n                <h3 class=\"title\">Pr\u00edrodn\u00e1 pomoc pri hyperakt\u00edvnom mo\u010dovom mech\u00fare: \u010do uk\u00e1zala klinick\u00e1 \u0161t\u00fadia so S\u00e9r\u00e9lys INCO\u00ae<\/h3>\n              <\/div><!--\/post-header-->\n              <div class=\"excerpt\">\n                \u010co je hyperakt\u00edvny mo\u010dov\u00fd mech\u00far (OAB)? Hyperakt\u00edvny mo\u010dov\u00fd mech\u00far je pomerne \u010dast\u00fd probl\u00e9m, ktor\u00fd tr\u00e1pi najm\u00e4 \u017eeny v obdob\u00ed prechodu a po menopauze. Prejavuje sa \u010dast\u00fdm nutkan\u00edm na mo\u010denie, nutkan\u00edm,&hellip;              <\/div>\n            <\/div>\n\n            <div class=\"post-meta\">\n              <span class=\"meta-author\"> <a href=\"https:\/\/serelys.eu\/cs\/author\/admin\/\"> <i class=\"icon-default-style icon-salient-m-user\"><\/i> admin<\/a> <\/span>\n\n                              <span class=\"meta-comment-count\">  <a href=\"https:\/\/serelys.eu\/cs\/prirodna-pomoc-pri-hyperaktivnom-mocovom-mechure-co-ukazala-klinicka-studia-so-serelys-inco\/#respond\">\n                  <i class=\"icon-default-style steadysets-icon-chat-3\"><\/i> 0<\/a>\n                <\/span>\n              \n              <div class=\"nectar-love-wrap\">\n                <a href=\"#\" class=\"nectar-love\" id=\"nectar-love-321\" title=\"Love this\"> <i class=\"icon-salient-heart-2\"><\/i><span class=\"love-text\">Love<\/span><span class=\"total_loves\"><span class=\"nectar-love-count\">0<\/span><\/span><\/a>              <\/div><!--\/nectar-love-wrap-->\n            <\/div>\n\n          <\/div>\n\n        \n      <\/div><!--\/col-->\n\n      \n      <div class=\"col span_3 post-312 post type-post status-publish format-standard has-post-thumbnail category-nezaradene-sk\" >\n\n        \n            <div class=\"inner-wrap post-312 post type-post status-publish format-standard has-post-thumbnail category-nezaradene-sk\">\n\n            <a href=\"https:\/\/serelys.eu\/cs\/menopauza-preco-ju-zeny-zazivaju-a-co-nam-o-nej-nehovori-evolucia\/\"  class=\"img-link\"><span class=\"post-featured-img\"><img loading=\"lazy\" decoding=\"async\" width=\"600\" height=\"403\" src=\"https:\/\/serelys.eu\/wp-content\/uploads\/2025\/07\/ChatGPT-Image-24.-7.-2025-11_07_41-600x403.png\" class=\"attachment-portfolio-thumb size-portfolio-thumb wp-post-image\" alt=\"\" title=\"\" sizes=\"auto, (min-width: 1300px) 25vw, (min-width: 1000px) 33vw, (min-width: 690px) 100vw, 100vw\" srcset=\"https:\/\/serelys.eu\/wp-content\/uploads\/2025\/07\/ChatGPT-Image-24.-7.-2025-11_07_41-600x403.png 600w, https:\/\/serelys.eu\/wp-content\/uploads\/2025\/07\/ChatGPT-Image-24.-7.-2025-11_07_41-900x604.png 900w, https:\/\/serelys.eu\/wp-content\/uploads\/2025\/07\/ChatGPT-Image-24.-7.-2025-11_07_41-400x269.png 400w\" \/><\/span><\/a><span class=\"meta-category\"><a class=\"nezaradene-sk\" href=\"https:\/\/serelys.eu\/cs\/category\/nezaradene-sk\/\">Nezaraden\u00e9<\/a><\/span><a class=\"entire-meta-link\" href=\"https:\/\/serelys.eu\/cs\/menopauza-preco-ju-zeny-zazivaju-a-co-nam-o-nej-nehovori-evolucia\/\" ><span class=\"screen-reader-text\">Menopauza: Pre\u010do ju \u017eeny za\u017e\u00edvaj\u00fa a \u010do n\u00e1m o nej (ne)hovor\u00ed evol\u00facia?<\/span><\/a>\n            <div class=\"article-content-wrap\">\n              <div class=\"post-header\">\n                <span class=\"meta\"> 22. \u010dervence 2025 <\/span>\n                <h3 class=\"title\">Menopauza: Pre\u010do ju \u017eeny za\u017e\u00edvaj\u00fa a \u010do n\u00e1m o nej (ne)hovor\u00ed evol\u00facia?<\/h3>\n              <\/div><!--\/post-header-->\n              <div class=\"excerpt\">\n                Menopauza je prirodzenou s\u00fa\u010das\u0165ou \u017eivota ka\u017edej \u017eeny, no napriek tomu je to st\u00e1le trochu z\u00e1hadn\u00fd fenom\u00e9n. Pre\u010do \u017eeny prest\u00e1vaj\u00fa by\u0165 plodn\u00e9, ke\u010f e\u0161te m\u00f4\u017eu \u017ei\u0165 desa\u0165ro\u010dia? Pre\u010do menopauza existuje? A&hellip;              <\/div>\n            <\/div>\n\n            <div class=\"post-meta\">\n              <span class=\"meta-author\"> <a href=\"https:\/\/serelys.eu\/cs\/author\/admin\/\"> <i class=\"icon-default-style icon-salient-m-user\"><\/i> admin<\/a> <\/span>\n\n                              <span class=\"meta-comment-count\">  <a href=\"https:\/\/serelys.eu\/cs\/menopauza-preco-ju-zeny-zazivaju-a-co-nam-o-nej-nehovori-evolucia\/#respond\">\n                  <i class=\"icon-default-style steadysets-icon-chat-3\"><\/i> 0<\/a>\n                <\/span>\n              \n              <div class=\"nectar-love-wrap\">\n                <a href=\"#\" class=\"nectar-love\" id=\"nectar-love-312\" title=\"Love this\"> <i class=\"icon-salient-heart-2\"><\/i><span class=\"love-text\">Love<\/span><span class=\"total_loves\"><span class=\"nectar-love-count\">0<\/span><\/span><\/a>              <\/div><!--\/nectar-love-wrap-->\n            <\/div>\n\n          <\/div>\n\n        \n      <\/div><!--\/col-->\n\n      \n      <div class=\"col span_3 post-307 post type-post status-publish format-standard has-post-thumbnail category-nezaradene-sk\" >\n\n        \n            <div class=\"inner-wrap post-307 post type-post status-publish format-standard has-post-thumbnail category-nezaradene-sk\">\n\n            <a href=\"https:\/\/serelys.eu\/cs\/menopauza-prirodny-proces-ktory-si-zasluzi-spravnu-starostlivost-2\/\"  class=\"img-link\"><span class=\"post-featured-img\"><img loading=\"lazy\" decoding=\"async\" width=\"600\" height=\"238\" src=\"https:\/\/serelys.eu\/wp-content\/uploads\/2025\/01\/pexels-moose-photos-170195-1036623-scaled.jpg\" class=\"attachment-portfolio-thumb size-portfolio-thumb wp-post-image\" alt=\"\" title=\"\" sizes=\"auto, (min-width: 1300px) 25vw, (min-width: 1000px) 33vw, (min-width: 690px) 100vw, 100vw\" srcset=\"https:\/\/serelys.eu\/wp-content\/uploads\/2025\/01\/pexels-moose-photos-170195-1036623-scaled.jpg 2560w, https:\/\/serelys.eu\/wp-content\/uploads\/2025\/01\/pexels-moose-photos-170195-1036623-300x119.jpg 300w, https:\/\/serelys.eu\/wp-content\/uploads\/2025\/01\/pexels-moose-photos-170195-1036623-1024x406.jpg 1024w, https:\/\/serelys.eu\/wp-content\/uploads\/2025\/01\/pexels-moose-photos-170195-1036623-768x304.jpg 768w, https:\/\/serelys.eu\/wp-content\/uploads\/2025\/01\/pexels-moose-photos-170195-1036623-1536x609.jpg 1536w, https:\/\/serelys.eu\/wp-content\/uploads\/2025\/01\/pexels-moose-photos-170195-1036623-2048x811.jpg 2048w\" \/><\/span><\/a><span class=\"meta-category\"><a class=\"nezaradene-sk\" href=\"https:\/\/serelys.eu\/cs\/category\/nezaradene-sk\/\">Nezaraden\u00e9<\/a><\/span><a class=\"entire-meta-link\" href=\"https:\/\/serelys.eu\/cs\/menopauza-prirodny-proces-ktory-si-zasluzi-spravnu-starostlivost-2\/\" ><span class=\"screen-reader-text\">Menopauza: Pr\u00edrodn\u00fd proces, ktor\u00fd si zasl\u00fa\u017ei spr\u00e1vnu starostlivos\u0165.<\/span><\/a>\n            <div class=\"article-content-wrap\">\n              <div class=\"post-header\">\n                <span class=\"meta\"> 22. \u010dervence 2025 <\/span>\n                <h3 class=\"title\">Menopauza: Pr\u00edrodn\u00fd proces, ktor\u00fd si zasl\u00fa\u017ei spr\u00e1vnu starostlivos\u0165.<\/h3>\n              <\/div><!--\/post-header-->\n              <div class=\"excerpt\">\n                Menopauza je prirodzenou s\u00fa\u010das\u0165ou \u017eivota ka\u017edej \u017eeny. Prin\u00e1\u0161a so sebou hormon\u00e1lne zmeny, ktor\u00e9 ovplyv\u0148uj\u00fa nielen fyzick\u00e9 zdravie, ale aj emocion\u00e1lnu rovnov\u00e1hu. Napriek tomu, \u017ee ide o prirodzen\u00fd proces, menopauza m\u00f4\u017ee&hellip;              <\/div>\n            <\/div>\n\n            <div class=\"post-meta\">\n              <span class=\"meta-author\"> <a href=\"https:\/\/serelys.eu\/cs\/author\/admin\/\"> <i class=\"icon-default-style icon-salient-m-user\"><\/i> admin<\/a> <\/span>\n\n                              <span class=\"meta-comment-count\">  <a href=\"https:\/\/serelys.eu\/cs\/menopauza-prirodny-proces-ktory-si-zasluzi-spravnu-starostlivost-2\/#respond\">\n                  <i class=\"icon-default-style steadysets-icon-chat-3\"><\/i> 0<\/a>\n                <\/span>\n              \n              <div class=\"nectar-love-wrap\">\n                <a href=\"#\" class=\"nectar-love\" id=\"nectar-love-307\" title=\"Love this\"> <i class=\"icon-salient-heart-2\"><\/i><span class=\"love-text\">Love<\/span><span class=\"total_loves\"><span class=\"nectar-love-count\">0<\/span><\/span><\/a>              <\/div><!--\/nectar-love-wrap-->\n            <\/div>\n\n          <\/div>\n\n        \n      <\/div><!--\/col-->\n\n      \n    <\/div><!--\/blog-recent-->\n\n  \n\t\t\t<\/div> \n\t\t<\/div>\n\t<\/div> \n<\/div><\/div>","protected":false},"excerpt":{"rendered":"Menopauza je prirodzenou s\u00fa\u010das\u0165ou \u017eivota ka\u017edej \u017eeny. Prin\u00e1\u0161a so sebou hormon\u00e1lne zmeny, ktor\u00e9 ovplyv\u0148uj\u00fa nielen fyzick\u00e9 zdravie, ale aj emocion\u00e1lnu rovnov\u00e1hu. Napriek tomu, \u017ee ide o prirodzen\u00fd proces, menopauza m\u00f4\u017ee...","protected":false},"author":1,"featured_media":0,"parent":0,"menu_order":0,"comment_status":"closed","ping_status":"closed","template":"","meta":{"footnotes":""},"class_list":["post-227","page","type-page","status-publish"],"yoast_head":"<!-- This site is optimized with the Yoast SEO plugin v27.5 - https:\/\/yoast.com\/product\/yoast-seo-wordpress\/ -->\n<title>Blog - Serelys<\/title>\n<meta name=\"description\" content=\"Explore insightful articles and expert tips on Serelys.eu blog \u2014 your go-to source for the latest trends, tutorials, and inspiration in [your niche\/topic]. Stay informed and inspired!\" \/>\n<meta name=\"robots\" content=\"index, follow, max-snippet:-1, max-image-preview:large, max-video-preview:-1\" \/>\n<link rel=\"canonical\" href=\"https:\/\/serelys.eu\/cs\/blog\/\" \/>\n<meta property=\"og:locale\" content=\"cs_CZ\" \/>\n<meta property=\"og:type\" content=\"article\" \/>\n<meta property=\"og:title\" content=\"Blog - Serelys\" \/>\n<meta property=\"og:description\" content=\"Explore insightful articles and expert tips on Serelys.eu blog \u2014 your go-to source for the latest trends, tutorials, and inspiration in [your niche\/topic]. Stay informed and inspired!\" \/>\n<meta property=\"og:url\" content=\"https:\/\/serelys.eu\/cs\/blog\/\" \/>\n<meta property=\"og:site_name\" content=\"Serelys\" \/>\n<meta property=\"article:modified_time\" content=\"2025-07-09T13:30:27+00:00\" \/>\n<meta name=\"twitter:card\" content=\"summary_large_image\" \/>\n<script type=\"application\/ld+json\" class=\"yoast-schema-graph\">{\"@context\":\"https:\\\/\\\/schema.org\",\"@graph\":[{\"@type\":\"WebPage\",\"@id\":\"https:\\\/\\\/serelys.eu\\\/blog\\\/\",\"url\":\"https:\\\/\\\/serelys.eu\\\/blog\\\/\",\"name\":\"Blog - Serelys\",\"isPartOf\":{\"@id\":\"https:\\\/\\\/serelys.eu\\\/#website\"},\"datePublished\":\"2025-07-03T18:39:20+00:00\",\"dateModified\":\"2025-07-09T13:30:27+00:00\",\"description\":\"Explore insightful articles and expert tips on Serelys.eu blog \u2014 your go-to source for the latest trends, tutorials, and inspiration in [your niche\\\/topic]. Stay informed and inspired!\",\"breadcrumb\":{\"@id\":\"https:\\\/\\\/serelys.eu\\\/blog\\\/#breadcrumb\"},\"inLanguage\":\"cs\",\"potentialAction\":[{\"@type\":\"ReadAction\",\"target\":[\"https:\\\/\\\/serelys.eu\\\/blog\\\/\"]}]},{\"@type\":\"BreadcrumbList\",\"@id\":\"https:\\\/\\\/serelys.eu\\\/blog\\\/#breadcrumb\",\"itemListElement\":[{\"@type\":\"ListItem\",\"position\":1,\"name\":\"Domovsk\u00e1 str\u00e1nka\",\"item\":\"https:\\\/\\\/serelys.eu\\\/\"},{\"@type\":\"ListItem\",\"position\":2,\"name\":\"Blog\"}]},{\"@type\":\"WebSite\",\"@id\":\"https:\\\/\\\/serelys.eu\\\/#website\",\"url\":\"https:\\\/\\\/serelys.eu\\\/\",\"name\":\"SANOMED SERELYS\",\"description\":\"SANOMED - SERELYS\",\"publisher\":{\"@id\":\"https:\\\/\\\/serelys.eu\\\/#organization\"},\"potentialAction\":[{\"@type\":\"SearchAction\",\"target\":{\"@type\":\"EntryPoint\",\"urlTemplate\":\"https:\\\/\\\/serelys.eu\\\/?s={search_term_string}\"},\"query-input\":{\"@type\":\"PropertyValueSpecification\",\"valueRequired\":true,\"valueName\":\"search_term_string\"}}],\"inLanguage\":\"cs\"},{\"@type\":\"Organization\",\"@id\":\"https:\\\/\\\/serelys.eu\\\/#organization\",\"name\":\"SANOMED SERELYS\",\"url\":\"https:\\\/\\\/serelys.eu\\\/\",\"logo\":{\"@type\":\"ImageObject\",\"inLanguage\":\"cs\",\"@id\":\"https:\\\/\\\/serelys.eu\\\/#\\\/schema\\\/logo\\\/image\\\/\",\"url\":\"http:\\\/\\\/serelys.eu\\\/wp-content\\\/uploads\\\/2025\\\/02\\\/Sanomed_LOGO_final_RGB_logo.png\",\"contentUrl\":\"http:\\\/\\\/serelys.eu\\\/wp-content\\\/uploads\\\/2025\\\/02\\\/Sanomed_LOGO_final_RGB_logo.png\",\"width\":2435,\"height\":664,\"caption\":\"SANOMED SERELYS\"},\"image\":{\"@id\":\"https:\\\/\\\/serelys.eu\\\/#\\\/schema\\\/logo\\\/image\\\/\"}}]}<\/script>\n<!-- \/ Yoast SEO plugin. -->","yoast_head_json":{"title":"Blog - Serelys","description":"Explore insightful articles and expert tips on Serelys.eu blog \u2014 your go-to source for the latest trends, tutorials, and inspiration in [your niche\/topic]. Stay informed and inspired!","robots":{"index":"index","follow":"follow","max-snippet":"max-snippet:-1","max-image-preview":"max-image-preview:large","max-video-preview":"max-video-preview:-1"},"canonical":"https:\/\/serelys.eu\/cs\/blog\/","og_locale":"cs_CZ","og_type":"article","og_title":"Blog - Serelys","og_description":"Explore insightful articles and expert tips on Serelys.eu blog \u2014 your go-to source for the latest trends, tutorials, and inspiration in [your niche\/topic]. Stay informed and inspired!","og_url":"https:\/\/serelys.eu\/cs\/blog\/","og_site_name":"Serelys","article_modified_time":"2025-07-09T13:30:27+00:00","twitter_card":"summary_large_image","schema":{"@context":"https:\/\/schema.org","@graph":[{"@type":"WebPage","@id":"https:\/\/serelys.eu\/blog\/","url":"https:\/\/serelys.eu\/blog\/","name":"Blog - Serelys","isPartOf":{"@id":"https:\/\/serelys.eu\/#website"},"datePublished":"2025-07-03T18:39:20+00:00","dateModified":"2025-07-09T13:30:27+00:00","description":"Explore insightful articles and expert tips on Serelys.eu blog \u2014 your go-to source for the latest trends, tutorials, and inspiration in [your niche\/topic]. Stay informed and inspired!","breadcrumb":{"@id":"https:\/\/serelys.eu\/blog\/#breadcrumb"},"inLanguage":"cs","potentialAction":[{"@type":"ReadAction","target":["https:\/\/serelys.eu\/blog\/"]}]},{"@type":"BreadcrumbList","@id":"https:\/\/serelys.eu\/blog\/#breadcrumb","itemListElement":[{"@type":"ListItem","position":1,"name":"Domovsk\u00e1 str\u00e1nka","item":"https:\/\/serelys.eu\/"},{"@type":"ListItem","position":2,"name":"Blog"}]},{"@type":"WebSite","@id":"https:\/\/serelys.eu\/#website","url":"https:\/\/serelys.eu\/","name":"SANOMED SERELYS","description":"SANOMED - SERELYS","publisher":{"@id":"https:\/\/serelys.eu\/#organization"},"potentialAction":[{"@type":"SearchAction","target":{"@type":"EntryPoint","urlTemplate":"https:\/\/serelys.eu\/?s={search_term_string}"},"query-input":{"@type":"PropertyValueSpecification","valueRequired":true,"valueName":"search_term_string"}}],"inLanguage":"cs"},{"@type":"Organization","@id":"https:\/\/serelys.eu\/#organization","name":"SANOMED SERELYS","url":"https:\/\/serelys.eu\/","logo":{"@type":"ImageObject","inLanguage":"cs","@id":"https:\/\/serelys.eu\/#\/schema\/logo\/image\/","url":"http:\/\/serelys.eu\/wp-content\/uploads\/2025\/02\/Sanomed_LOGO_final_RGB_logo.png","contentUrl":"http:\/\/serelys.eu\/wp-content\/uploads\/2025\/02\/Sanomed_LOGO_final_RGB_logo.png","width":2435,"height":664,"caption":"SANOMED SERELYS"},"image":{"@id":"https:\/\/serelys.eu\/#\/schema\/logo\/image\/"}}]}},"_links":{"self":[{"href":"https:\/\/serelys.eu\/cs\/wp-json\/wp\/v2\/pages\/227","targetHints":{"allow":["GET"]}}],"collection":[{"href":"https:\/\/serelys.eu\/cs\/wp-json\/wp\/v2\/pages"}],"about":[{"href":"https:\/\/serelys.eu\/cs\/wp-json\/wp\/v2\/types\/page"}],"author":[{"embeddable":true,"href":"https:\/\/serelys.eu\/cs\/wp-json\/wp\/v2\/users\/1"}],"replies":[{"embeddable":true,"href":"https:\/\/serelys.eu\/cs\/wp-json\/wp\/v2\/comments?post=227"}],"version-history":[{"count":15,"href":"https:\/\/serelys.eu\/cs\/wp-json\/wp\/v2\/pages\/227\/revisions"}],"predecessor-version":[{"id":293,"href":"https:\/\/serelys.eu\/cs\/wp-json\/wp\/v2\/pages\/227\/revisions\/293"}],"wp:attachment":[{"href":"https:\/\/serelys.eu\/cs\/wp-json\/wp\/v2\/media?parent=227"}],"curies":[{"name":"wp","href":"https:\/\/api.w.org\/{rel}","templated":true}]}}